{"id":1144,"date":"2022-05-10T21:49:52","date_gmt":"2022-05-10T19:49:52","guid":{"rendered":"https:\/\/caninslesbains.com\/?page_id=1144"},"modified":"2023-04-28T15:28:26","modified_gmt":"2023-04-28T13:28:26","slug":"home-2","status":"publish","type":"page","link":"https:\/\/caninslesbains.com\/","title":{"rendered":"Accueil"},"content":{"rendered":"\n<p><\/p>\n\n\n\n<div class=\"wp-block-nextend-smartslider3\"><\/div>\n\n\n\n<p><\/p>\n\n\n\n<p class=\"has-text-align-center has-pale-cyan-blue-color has-text-color has-large-font-size\">Toilettage pour chiens &#8211; Dog Grooming<\/p>\n\n\n\n<p class=\"has-text-align-center has-medium-font-size\">Rolle \u2013 Morges \u2013 Nyon \u2013 Gland \u2013 Lausanne \u2013 Gen\u00e8ve et la C\u00f4te<\/p>\n\n\n\n<p class=\"has-text-align-center\"><strong>Notre mission est d\u2019offrir de nombreuses ressources et conseils permettant \u00e0 tout&nbsp;un chacun de faire des choix \u00e9clair\u00e9s en mati\u00e8re de soins, d\u2019\u00e9ducation&nbsp;&nbsp;et d\u2019alimentation.<\/strong><\/p>\n\n\n\n<p class=\"has-text-align-center has-pale-cyan-blue-color has-text-color has-large-font-size\">021 825 28 28<\/p>\n\n\n<div class=\"wp-block-image\">\n<figure class=\"aligncenter size-full\"><img loading=\"lazy\" decoding=\"async\" width=\"224\" height=\"190\" src=\"https:\/\/caninslesbains.com\/wp-content\/uploads\/2022\/05\/qualite.png\" alt=\"\" class=\"wp-image-1097\"\/><\/figure>\n<\/div>\n\n\n<div class=\"wp-block-columns is-layout-flex wp-container-core-columns-is-layout-9d6595d7 wp-block-columns-is-layout-flex\">\n<div class=\"wp-block-column is-layout-flow wp-block-column-is-layout-flow\">\n<figure class=\"wp-block-image size-large\"><img loading=\"lazy\" decoding=\"async\" width=\"1024\" height=\"1024\" src=\"https:\/\/caninslesbains.com\/wp-content\/uploads\/2022\/05\/toilettage_canins_01-1024x1024.jpg\" alt=\"\" class=\"wp-image-1442\" srcset=\"https:\/\/caninslesbains.com\/wp-content\/uploads\/2022\/05\/toilettage_canins_01-1024x1024.jpg 1024w, https:\/\/caninslesbains.com\/wp-content\/uploads\/2022\/05\/toilettage_canins_01-300x300.jpg 300w, https:\/\/caninslesbains.com\/wp-content\/uploads\/2022\/05\/toilettage_canins_01-150x150.jpg 150w, https:\/\/caninslesbains.com\/wp-content\/uploads\/2022\/05\/toilettage_canins_01-768x768.jpg 768w, https:\/\/caninslesbains.com\/wp-content\/uploads\/2022\/05\/toilettage_canins_01.jpg 1536w, https:\/\/caninslesbains.com\/wp-content\/uploads\/2022\/05\/toilettage_canins_01-600x600.jpg 600w\" sizes=\"auto, (max-width: 1024px) 100vw, 1024px\" \/><\/figure>\n<\/div>\n\n\n\n<div class=\"wp-block-column is-layout-flow wp-block-column-is-layout-flow\">\n<figure class=\"wp-block-image size-large\"><img loading=\"lazy\" decoding=\"async\" width=\"1024\" height=\"1024\" src=\"https:\/\/caninslesbains.com\/wp-content\/uploads\/2022\/05\/toilettage_canins_02-1024x1024.jpg\" alt=\"\" class=\"wp-image-1443\" srcset=\"https:\/\/caninslesbains.com\/wp-content\/uploads\/2022\/05\/toilettage_canins_02-1024x1024.jpg 1024w, https:\/\/caninslesbains.com\/wp-content\/uploads\/2022\/05\/toilettage_canins_02-300x300.jpg 300w, https:\/\/caninslesbains.com\/wp-content\/uploads\/2022\/05\/toilettage_canins_02-150x150.jpg 150w, https:\/\/caninslesbains.com\/wp-content\/uploads\/2022\/05\/toilettage_canins_02-768x768.jpg 768w, https:\/\/caninslesbains.com\/wp-content\/uploads\/2022\/05\/toilettage_canins_02.jpg 1536w, https:\/\/caninslesbains.com\/wp-content\/uploads\/2022\/05\/toilettage_canins_02-600x600.jpg 600w\" sizes=\"auto, (max-width: 1024px) 100vw, 1024px\" \/><\/figure>\n<\/div>\n\n\n\n<div class=\"wp-block-column is-layout-flow wp-block-column-is-layout-flow\">\n<figure class=\"wp-block-image size-large\"><img loading=\"lazy\" decoding=\"async\" width=\"1024\" height=\"1024\" src=\"https:\/\/caninslesbains.com\/wp-content\/uploads\/2022\/05\/toilettage_canins_03-1024x1024.jpg\" alt=\"\" class=\"wp-image-1444\" srcset=\"https:\/\/caninslesbains.com\/wp-content\/uploads\/2022\/05\/toilettage_canins_03-1024x1024.jpg 1024w, https:\/\/caninslesbains.com\/wp-content\/uploads\/2022\/05\/toilettage_canins_03-300x300.jpg 300w, https:\/\/caninslesbains.com\/wp-content\/uploads\/2022\/05\/toilettage_canins_03-150x150.jpg 150w, https:\/\/caninslesbains.com\/wp-content\/uploads\/2022\/05\/toilettage_canins_03-768x768.jpg 768w, https:\/\/caninslesbains.com\/wp-content\/uploads\/2022\/05\/toilettage_canins_03.jpg 1536w, https:\/\/caninslesbains.com\/wp-content\/uploads\/2022\/05\/toilettage_canins_03-600x600.jpg 600w\" sizes=\"auto, (max-width: 1024px) 100vw, 1024px\" \/><\/figure>\n<\/div>\n<\/div>\n\n\n\n<p class=\"has-text-align-center has-pale-cyan-blue-color has-text-color has-large-font-size\">Cinq raisons pour choisir Canins-les-Bains :\u200b<\/p>\n\n\n\n<div class=\"wp-block-group\"><div class=\"wp-block-group__inner-container is-layout-flow wp-block-group-is-layout-flow\">\n<div class=\"wp-block-columns is-layout-flex wp-container-core-columns-is-layout-9d6595d7 wp-block-columns-is-layout-flex\">\n<div class=\"wp-block-column is-layout-flow wp-block-column-is-layout-flow\" style=\"flex-basis:100%\">\n<div class=\"wp-block-columns is-layout-flex wp-container-core-columns-is-layout-9d6595d7 wp-block-columns-is-layout-flex\">\n<div class=\"wp-block-column is-layout-flow wp-block-column-is-layout-flow\">\n<figure class=\"wp-block-image size-full is-resized\"><img loading=\"lazy\" decoding=\"async\" src=\"https:\/\/caninslesbains.com\/wp-content\/uploads\/2022\/05\/projects-icon-pro.png\" alt=\"\" class=\"wp-image-1085\" width=\"45\" height=\"52\"\/><\/figure>\n\n\n\n<h4 class=\"wp-block-heading has-text-align-center\">\u00c9quipe professionnelle<\/h4>\n\n\n\n<p class=\"has-text-align-center\">Comp\u00e9tence d\u2019une \u00e9quipe professionnelle<br>forte de nombreuses ann\u00e9es d\u2019exp\u00e9rience<br>et en constante \u00e9volution<\/p>\n<\/div>\n\n\n\n<div class=\"wp-block-column is-layout-flow wp-block-column-is-layout-flow\">\n<figure class=\"wp-block-image size-full\"><img loading=\"lazy\" decoding=\"async\" width=\"39\" height=\"38\" src=\"https:\/\/caninslesbains.com\/wp-content\/uploads\/2022\/05\/projects-icon-bien.png\" alt=\"\" class=\"wp-image-1086\"\/><\/figure>\n\n\n\n<h4 class=\"wp-block-heading has-text-align-center\">Bien-\u00eatre<\/h4>\n\n\n\n<p class=\"has-text-align-center\">Assurance que le bien-\u00eatre de votre chien<br>constitue notre priorit\u00e9<\/p>\n\n\n\n<p class=\"has-text-align-center\">Bien-\u00eatre \/ Alimentation<br>avec <a href=\"https:\/\/joys-food.ch\/\" target=\"_blank\" rel=\"noreferrer noopener\">Joy&rsquo;s Food<\/a><\/p>\n<\/div>\n\n\n\n<div class=\"wp-block-column is-layout-flow wp-block-column-is-layout-flow\">\n<figure class=\"wp-block-image size-full\"><img loading=\"lazy\" decoding=\"async\" width=\"45\" height=\"45\" src=\"https:\/\/caninslesbains.com\/wp-content\/uploads\/2022\/05\/projects-icon-langue.png\" alt=\"\" class=\"wp-image-1087\"\/><\/figure>\n\n\n\n<h4 class=\"wp-block-heading has-text-align-center\">Bilingue<\/h4>\n\n\n\n<p class=\"has-text-align-center\">Equipe bilingue fran\u00e7ais et anglais<\/p>\n<\/div>\n<\/div>\n<\/div>\n<\/div>\n<\/div><\/div>\n\n\n\n<div class=\"wp-block-columns is-layout-flex wp-container-core-columns-is-layout-9d6595d7 wp-block-columns-is-layout-flex\">\n<div class=\"wp-block-column is-layout-flow wp-block-column-is-layout-flow\">\n<figure class=\"wp-block-image size-full\"><img loading=\"lazy\" decoding=\"async\" width=\"32\" height=\"45\" src=\"https:\/\/caninslesbains.com\/wp-content\/uploads\/2022\/05\/projects-icon-porte.png\" alt=\"\" class=\"wp-image-1088\"\/><\/figure>\n\n\n\n<h4 class=\"wp-block-heading has-text-align-center\">Pratique<\/h4>\n\n\n\n<p class=\"has-text-align-center\">Possibilit\u00e9 de d\u00e9poser votre chien<br>\u00e0 la porte de notre salon<br>(arr\u00eat minute)<\/p>\n<\/div>\n\n\n\n<div class=\"wp-block-column is-layout-flow wp-block-column-is-layout-flow\">\n<figure class=\"wp-block-image size-full is-resized\"><img loading=\"lazy\" decoding=\"async\" src=\"https:\/\/caninslesbains.com\/wp-content\/uploads\/2019\/05\/ecole-1.png\" alt=\"\" class=\"wp-image-1012\" width=\"46\" height=\"54\"\/><\/figure>\n\n\n\n<h4 class=\"wp-block-heading has-text-align-center\">\u00c9cole<\/h4>\n\n\n\n<p class=\"has-text-align-center\">Formation en toilettage canin<\/p>\n<\/div>\n<\/div>\n\n\n\n<div class=\"wp-block-columns is-layout-flex wp-container-core-columns-is-layout-9d6595d7 wp-block-columns-is-layout-flex\">\n<div class=\"wp-block-column is-layout-flow wp-block-column-is-layout-flow\">\n<figure class=\"wp-block-image size-full\"><img loading=\"lazy\" decoding=\"async\" width=\"500\" height=\"333\" src=\"https:\/\/caninslesbains.com\/wp-content\/uploads\/2022\/05\/accueil_carre_03-1-edited.gif\" alt=\"\" class=\"wp-image-1344\"\/><\/figure>\n<\/div>\n\n\n\n<div class=\"wp-block-column is-layout-flow wp-block-column-is-layout-flow\">\n<figure class=\"wp-block-image size-full is-resized\"><img loading=\"lazy\" decoding=\"async\" src=\"https:\/\/caninslesbains.com\/wp-content\/uploads\/2022\/05\/accueil_carre_05-1-edited.jpg\" alt=\"\" class=\"wp-image-1347\" width=\"500\" height=\"333\" srcset=\"https:\/\/caninslesbains.com\/wp-content\/uploads\/2022\/05\/accueil_carre_05-1-edited.jpg 998w, https:\/\/caninslesbains.com\/wp-content\/uploads\/2022\/05\/accueil_carre_05-1-edited-300x200.jpg 300w, https:\/\/caninslesbains.com\/wp-content\/uploads\/2022\/05\/accueil_carre_05-1-edited-768x511.jpg 768w\" sizes=\"auto, (max-width: 500px) 100vw, 500px\" \/><\/figure>\n<\/div>\n\n\n\n<div class=\"wp-block-column is-layout-flow wp-block-column-is-layout-flow\">\n<figure class=\"wp-block-image size-full\"><img loading=\"lazy\" decoding=\"async\" width=\"500\" height=\"333\" src=\"https:\/\/caninslesbains.com\/wp-content\/uploads\/2022\/05\/accueil_carre_04-1-edited.gif\" alt=\"\" class=\"wp-image-1345\"\/><\/figure>\n<\/div>\n<\/div>\n\n\n\n<div class=\"wp-block-columns is-layout-flex wp-container-core-columns-is-layout-9d6595d7 wp-block-columns-is-layout-flex\">\n<div class=\"wp-block-column is-layout-flow wp-block-column-is-layout-flow\">\n<p><\/p>\n<\/div>\n<\/div>\n\n\n\n<p class=\"has-text-align-center has-white-color has-pale-cyan-blue-background-color has-text-color has-background has-large-font-size\">L\u00e0 o\u00f9 mon chien se sent bien!<\/p>\n","protected":false},"excerpt":{"rendered":"<p>Toilettage pour chiens &#8211; Dog Grooming Rolle \u2013 Morges \u2013 Nyon \u2013 Gland \u2013 Lausanne \u2013 Gen\u00e8ve et la C\u00f4te Notre mission est d\u2019offrir de nombreuses ressources et conseils permettant \u00e0 tout&nbsp;un chacun de faire des choix \u00e9clair\u00e9s en mati\u00e8re de soins, d\u2019\u00e9ducation&nbsp;&nbsp;et d\u2019alimentation. 021 825 28 28 Cinq raisons pour choisir Canins-les-Bains :\u200b \u00c9quipe [&hellip;]<\/p>\n","protected":false},"author":1,"featured_media":1085,"parent":0,"menu_order":0,"comment_status":"closed","ping_status":"closed","template":"elementor_theme","meta":{"footnotes":""},"class_list":["post-1144","page","type-page","status-publish","has-post-thumbnail","hentry","entry","has-media"],"_links":{"self":[{"href":"https:\/\/caninslesbains.com\/index.php?rest_route=\/wp\/v2\/pages\/1144","targetHints":{"allow":["GET"]}}],"collection":[{"href":"https:\/\/caninslesbains.com\/index.php?rest_route=\/wp\/v2\/pages"}],"about":[{"href":"https:\/\/caninslesbains.com\/index.php?rest_route=\/wp\/v2\/types\/page"}],"author":[{"embeddable":true,"href":"https:\/\/caninslesbains.com\/index.php?rest_route=\/wp\/v2\/users\/1"}],"replies":[{"embeddable":true,"href":"https:\/\/caninslesbains.com\/index.php?rest_route=%2Fwp%2Fv2%2Fcomments&post=1144"}],"version-history":[{"count":65,"href":"https:\/\/caninslesbains.com\/index.php?rest_route=\/wp\/v2\/pages\/1144\/revisions"}],"predecessor-version":[{"id":1513,"href":"https:\/\/caninslesbains.com\/index.php?rest_route=\/wp\/v2\/pages\/1144\/revisions\/1513"}],"wp:featuredmedia":[{"embeddable":true,"href":"https:\/\/caninslesbains.com\/index.php?rest_route=\/wp\/v2\/media\/1085"}],"wp:attachment":[{"href":"https:\/\/caninslesbains.com\/index.php?rest_route=%2Fwp%2Fv2%2Fmedia&parent=1144"}],"curies":[{"name":"wp","href":"https:\/\/api.w.org\/{rel}","templated":true}]}}