{"id":1080,"date":"2022-05-10T20:37:42","date_gmt":"2022-05-10T18:37:42","guid":{"rendered":"https:\/\/caninslesbains.com\/?page_id=1080"},"modified":"2022-05-19T17:32:07","modified_gmt":"2022-05-19T15:32:07","slug":"toilettage","status":"publish","type":"page","link":"https:\/\/caninslesbains.com\/?page_id=1080","title":{"rendered":"Toilettage"},"content":{"rendered":"\n<div class=\"wp-block-nextend-smartslider3\"><\/div>\n\n\n\n<p><\/p>\n\n\n\n<p class=\"has-text-align-center has-pale-cyan-blue-color has-text-color has-large-font-size\">Toilettage toutes races &#8211; All breed dog grooming<\/p>\n\n\n\n<h2 class=\"alignwide has-text-align-center has-medium-font-size wp-block-heading\">Notre r\u00f4le est de proposer un style qui saura concilier<br>bien-\u00eatre du chien et d\u00e9sirs esth\u00e9tiques du ma\u00eetre.<\/h2>\n\n\n\n<div class=\"wp-block-group\"><div class=\"wp-block-group__inner-container is-layout-flow wp-block-group-is-layout-flow\">\n<div class=\"wp-block-columns is-layout-flex wp-container-core-columns-is-layout-9d6595d7 wp-block-columns-is-layout-flex\">\n<div class=\"wp-block-column is-layout-flow wp-block-column-is-layout-flow\" style=\"flex-basis:800%\">\n<div class=\"wp-block-columns is-not-stacked-on-mobile is-layout-flex wp-container-core-columns-is-layout-9d6595d7 wp-block-columns-is-layout-flex\">\n<div class=\"wp-block-column is-layout-flow wp-block-column-is-layout-flow\" style=\"flex-basis:5px\"><\/div>\n\n\n\n<div class=\"wp-block-column is-layout-flow wp-block-column-is-layout-flow\" style=\"flex-basis:600px\">\n<p><strong>Au fil des ans, nous avons d\u00e9velopp\u00e9 une expertise unique<\/strong>&nbsp;; chaque chien re\u00e7oit un traitement des plus attentionn\u00e9s et nous savons comment mettre en valeur sa beaut\u00e9.&nbsp;<\/p>\n\n\n\n<p><strong>Le commentaire le plus souvent entendu \u00e0 Canins-les-Bains est : \u00ab&nbsp;Mon chien n\u2019a jamais \u00e9t\u00e9 aussi beau.&nbsp;\u00bb<\/strong><\/p>\n\n\n\n<p class=\"has-text-align-left\"><strong>Service sp\u00e9cial pour chiens \u00e2g\u00e9s:<\/strong>&nbsp;Des pauses lors du toilettage sont n\u00e9cessaires aux chiens \u00e2g\u00e9s, \u00e0 ceux souffrant d\u2019arthrite ou de dysplasie de la hanche. Pour le m\u00eame tarif qu\u2019un toilettage r\u00e9gulier, nous offrons des moments de repos entre les diff\u00e9rentes \u00e9tapes du toilettage.<\/p>\n\n\n\n<p><strong>Service sp\u00e9cial pour chiots<\/strong>&nbsp;:&nbsp;Sans recevoir un shampoing complet, le chiot sera initi\u00e9 au plaisir d\u2019une premi\u00e8re \u00abpetite\u00bbbaignade ; il d\u00e9couvrira le son du s\u00e9choir et ensuite on lui coupera d\u00e9licatement les ongles.<\/p>\n\n\n\n<p><strong>Les chiens apeur\u00e9s et stress\u00e9s<\/strong>&nbsp;seront&nbsp;&nbsp;travaill\u00e9s en utilisant les m\u00e9thodes du Tellington TTouch qui leur permettront de mieux appr\u00e9hender les diff\u00e9rentes \u00e9tapes du toilettage.<\/p>\n<\/div>\n\n\n\n<div class=\"wp-block-column is-layout-flow wp-block-column-is-layout-flow\" style=\"flex-basis:500px\">\n<figure class=\"wp-block-image size-full is-resized\"><img decoding=\"async\" src=\"https:\/\/caninslesbains.com\/wp-content\/uploads\/2022\/05\/P1080017-1.jpeg\" alt=\"\" class=\"wp-image-1096\" width=\"422\" srcset=\"https:\/\/caninslesbains.com\/wp-content\/uploads\/2022\/05\/P1080017-1.jpeg 640w, https:\/\/caninslesbains.com\/wp-content\/uploads\/2022\/05\/P1080017-1-300x221.jpeg 300w\" sizes=\"(max-width: 640px) 100vw, 640px\" \/><\/figure>\n\n\n\n<figure class=\"wp-block-image size-full is-resized\"><img decoding=\"async\" src=\"https:\/\/caninslesbains.com\/wp-content\/uploads\/2022\/05\/qualite.png\" alt=\"\" class=\"wp-image-1097\" width=\"196\"\/><\/figure>\n<\/div>\n<\/div>\n<\/div>\n<\/div>\n<\/div><\/div>\n\n\n\n<div class=\"wp-block-image is-style-default\"><figure class=\"aligncenter size-full is-resized\"><img loading=\"lazy\" decoding=\"async\" src=\"https:\/\/caninslesbains.com\/wp-content\/uploads\/2022\/05\/salon.jpg\" alt=\"\" class=\"wp-image-953\" width=\"836\" height=\"200\"\/><\/figure><\/div>\n\n\n\n<div class=\"wp-block-columns is-layout-flex wp-container-core-columns-is-layout-9d6595d7 wp-block-columns-is-layout-flex\">\n<div class=\"wp-block-column is-layout-flow wp-block-column-is-layout-flow\">\n<figure class=\"wp-block-image size-large is-style-default\"><img loading=\"lazy\" decoding=\"async\" width=\"1024\" height=\"1024\" src=\"https:\/\/caninslesbains.com\/wp-content\/uploads\/2022\/05\/toilettage_canins_04-1024x1024.jpg\" alt=\"\" class=\"wp-image-1445\" srcset=\"https:\/\/caninslesbains.com\/wp-content\/uploads\/2022\/05\/toilettage_canins_04-1024x1024.jpg 1024w, https:\/\/caninslesbains.com\/wp-content\/uploads\/2022\/05\/toilettage_canins_04-300x300.jpg 300w, https:\/\/caninslesbains.com\/wp-content\/uploads\/2022\/05\/toilettage_canins_04-150x150.jpg 150w, https:\/\/caninslesbains.com\/wp-content\/uploads\/2022\/05\/toilettage_canins_04-768x768.jpg 768w, https:\/\/caninslesbains.com\/wp-content\/uploads\/2022\/05\/toilettage_canins_04.jpg 1536w, https:\/\/caninslesbains.com\/wp-content\/uploads\/2022\/05\/toilettage_canins_04-600x600.jpg 600w\" sizes=\"auto, (max-width: 1024px) 100vw, 1024px\" \/><\/figure>\n<\/div>\n\n\n\n<div class=\"wp-block-column is-layout-flow wp-block-column-is-layout-flow\">\n<figure class=\"wp-block-image size-large is-style-default\"><img loading=\"lazy\" decoding=\"async\" width=\"1024\" height=\"1024\" src=\"https:\/\/caninslesbains.com\/wp-content\/uploads\/2022\/05\/toilettage_canins_05-1024x1024.jpg\" alt=\"\" class=\"wp-image-1446\" srcset=\"https:\/\/caninslesbains.com\/wp-content\/uploads\/2022\/05\/toilettage_canins_05-1024x1024.jpg 1024w, https:\/\/caninslesbains.com\/wp-content\/uploads\/2022\/05\/toilettage_canins_05-300x300.jpg 300w, https:\/\/caninslesbains.com\/wp-content\/uploads\/2022\/05\/toilettage_canins_05-150x150.jpg 150w, https:\/\/caninslesbains.com\/wp-content\/uploads\/2022\/05\/toilettage_canins_05-768x768.jpg 768w, https:\/\/caninslesbains.com\/wp-content\/uploads\/2022\/05\/toilettage_canins_05.jpg 1536w, https:\/\/caninslesbains.com\/wp-content\/uploads\/2022\/05\/toilettage_canins_05-600x600.jpg 600w\" sizes=\"auto, (max-width: 1024px) 100vw, 1024px\" \/><\/figure>\n<\/div>\n\n\n\n<div class=\"wp-block-column is-layout-flow wp-block-column-is-layout-flow\">\n<figure class=\"wp-block-image size-large is-style-default\"><img loading=\"lazy\" decoding=\"async\" width=\"1024\" height=\"1024\" src=\"https:\/\/caninslesbains.com\/wp-content\/uploads\/2022\/05\/toilettage_canins_06-1024x1024.jpg\" alt=\"\" class=\"wp-image-1447\" srcset=\"https:\/\/caninslesbains.com\/wp-content\/uploads\/2022\/05\/toilettage_canins_06-1024x1024.jpg 1024w, https:\/\/caninslesbains.com\/wp-content\/uploads\/2022\/05\/toilettage_canins_06-300x300.jpg 300w, https:\/\/caninslesbains.com\/wp-content\/uploads\/2022\/05\/toilettage_canins_06-150x150.jpg 150w, https:\/\/caninslesbains.com\/wp-content\/uploads\/2022\/05\/toilettage_canins_06-768x768.jpg 768w, https:\/\/caninslesbains.com\/wp-content\/uploads\/2022\/05\/toilettage_canins_06.jpg 1536w, https:\/\/caninslesbains.com\/wp-content\/uploads\/2022\/05\/toilettage_canins_06-600x600.jpg 600w\" sizes=\"auto, (max-width: 1024px) 100vw, 1024px\" \/><\/figure>\n<\/div>\n\n\n\n<div class=\"wp-block-column is-layout-flow wp-block-column-is-layout-flow\">\n<figure class=\"wp-block-image size-large is-style-default\"><img loading=\"lazy\" decoding=\"async\" width=\"1024\" height=\"1024\" src=\"https:\/\/caninslesbains.com\/wp-content\/uploads\/2022\/05\/toilettage_canins_07-1024x1024.jpg\" alt=\"\" class=\"wp-image-1448\" srcset=\"https:\/\/caninslesbains.com\/wp-content\/uploads\/2022\/05\/toilettage_canins_07-1024x1024.jpg 1024w, https:\/\/caninslesbains.com\/wp-content\/uploads\/2022\/05\/toilettage_canins_07-300x300.jpg 300w, https:\/\/caninslesbains.com\/wp-content\/uploads\/2022\/05\/toilettage_canins_07-150x150.jpg 150w, https:\/\/caninslesbains.com\/wp-content\/uploads\/2022\/05\/toilettage_canins_07-768x768.jpg 768w, https:\/\/caninslesbains.com\/wp-content\/uploads\/2022\/05\/toilettage_canins_07.jpg 1536w, https:\/\/caninslesbains.com\/wp-content\/uploads\/2022\/05\/toilettage_canins_07-600x600.jpg 600w\" sizes=\"auto, (max-width: 1024px) 100vw, 1024px\" \/><\/figure>\n<\/div>\n<\/div>\n\n\n\n<p class=\"has-text-align-center has-white-color has-pale-cyan-blue-background-color has-text-color has-background has-large-font-size\">L\u00e0 o\u00f9 mon chien se sent bien!<\/p>\n","protected":false},"excerpt":{"rendered":"<p>Toilettage toutes races &#8211; All breed dog grooming Notre r\u00f4le est de proposer un style qui saura concilierbien-\u00eatre du chien et d\u00e9sirs esth\u00e9tiques du ma\u00eetre. Au fil des ans, nous avons d\u00e9velopp\u00e9 une expertise unique&nbsp;; chaque chien re\u00e7oit un traitement des plus attentionn\u00e9s et nous savons comment mettre en valeur sa beaut\u00e9.&nbsp; Le commentaire le [&hellip;]<\/p>\n","protected":false},"author":1,"featured_media":0,"parent":0,"menu_order":0,"comment_status":"closed","ping_status":"closed","template":"","meta":{"footnotes":""},"class_list":["post-1080","page","type-page","status-publish","hentry","entry"],"_links":{"self":[{"href":"https:\/\/caninslesbains.com\/index.php?rest_route=\/wp\/v2\/pages\/1080","targetHints":{"allow":["GET"]}}],"collection":[{"href":"https:\/\/caninslesbains.com\/index.php?rest_route=\/wp\/v2\/pages"}],"about":[{"href":"https:\/\/caninslesbains.com\/index.php?rest_route=\/wp\/v2\/types\/page"}],"author":[{"embeddable":true,"href":"https:\/\/caninslesbains.com\/index.php?rest_route=\/wp\/v2\/users\/1"}],"replies":[{"embeddable":true,"href":"https:\/\/caninslesbains.com\/index.php?rest_route=%2Fwp%2Fv2%2Fcomments&post=1080"}],"version-history":[{"count":43,"href":"https:\/\/caninslesbains.com\/index.php?rest_route=\/wp\/v2\/pages\/1080\/revisions"}],"predecessor-version":[{"id":1507,"href":"https:\/\/caninslesbains.com\/index.php?rest_route=\/wp\/v2\/pages\/1080\/revisions\/1507"}],"wp:attachment":[{"href":"https:\/\/caninslesbains.com\/index.php?rest_route=%2Fwp%2Fv2%2Fmedia&parent=1080"}],"curies":[{"name":"wp","href":"https:\/\/api.w.org\/{rel}","templated":true}]}}